{"id":234,"date":"2025-03-10T23:33:11","date_gmt":"2025-03-10T23:33:11","guid":{"rendered":"https:\/\/bayerlstudio.com.br\/pp\/?page_id=234"},"modified":"2025-03-17T17:36:46","modified_gmt":"2025-03-17T17:36:46","slug":"contato","status":"publish","type":"page","link":"https:\/\/bayerlstudio.com.br\/pp\/contato\/","title":{"rendered":"Contato"},"content":{"rendered":"\t\t<div data-elementor-type=\"wp-page\" data-elementor-id=\"234\" class=\"elementor elementor-234\" data-elementor-post-type=\"page\">\n\t\t\t\t<div class=\"elementor-element elementor-element-3c16748 e-con-full e-flex e-con e-parent\" data-id=\"3c16748\" data-element_type=\"container\">\n\t\t<div class=\"elementor-element elementor-element-0ce4c9c e-con-full e-flex elementor-invisible e-con e-child\" data-id=\"0ce4c9c\" data-element_type=\"container\" data-settings=\"{&quot;background_background&quot;:&quot;classic&quot;,&quot;animation&quot;:&quot;fadeInLeft&quot;}\">\n\t\t\t\t<div class=\"elementor-element elementor-element-ca88a21 elementor-widget elementor-widget-heading\" data-id=\"ca88a21\" data-element_type=\"widget\" data-widget_type=\"heading.default\">\n\t\t\t\t<div class=\"elementor-widget-container\">\n\t\t\t\t\t<h4 class=\"elementor-heading-title elementor-size-default\">Cat\u00e1logo<\/h4>\t\t\t\t<\/div>\n\t\t\t\t<\/div>\n\t\t\t\t<div class=\"elementor-element elementor-element-1e567ac elementor-widget elementor-widget-heading\" data-id=\"1e567ac\" data-element_type=\"widget\" data-widget_type=\"heading.default\">\n\t\t\t\t<div class=\"elementor-widget-container\">\n\t\t\t\t\t<h2 class=\"elementor-heading-title elementor-size-default\">Receba nosso cat\u00e1logo<\/h2>\t\t\t\t<\/div>\n\t\t\t\t<\/div>\n\t\t\t\t<div class=\"elementor-element elementor-element-9d6dd81 elementor-widget elementor-widget-text-editor\" data-id=\"9d6dd81\" data-element_type=\"widget\" data-widget_type=\"text-editor.default\">\n\t\t\t\t<div class=\"elementor-widget-container\">\n\t\t\t\t\t\t\t\t\t<p>Confira nossas principais solu\u00e7\u00f5es. Seja na \u00e1rea de sa\u00fade, gastronomia, constru\u00e7\u00e3o, ou qualquer outro setor, nossos uniformes s\u00e3o projetados para oferecer conforto e durabilidade.<br \/>Temos uma equipe dispon\u00edvel para falar com voc\u00ea.<\/p>\t\t\t\t\t\t\t\t<\/div>\n\t\t\t\t<\/div>\n\t\t\t\t<div class=\"elementor-element elementor-element-f691d07 elementor-mobile-align-justify elementor-widget elementor-widget-button\" data-id=\"f691d07\" data-element_type=\"widget\" data-widget_type=\"button.default\">\n\t\t\t\t<div class=\"elementor-widget-container\">\n\t\t\t\t\t\t\t\t\t<div class=\"elementor-button-wrapper\">\n\t\t\t\t\t<a class=\"elementor-button elementor-button-link elementor-size-sm\" href=\"https:\/\/wa.me\/5511976152406?text=Eu%20vim%20atrav\u00e9s%20do%20site%20da%20P%26P%20Confec\u00e7\u00e3o\" target=\"_blank\">\n\t\t\t\t\t\t<span class=\"elementor-button-content-wrapper\">\n\t\t\t\t\t\t<span class=\"elementor-button-icon\">\n\t\t\t\t<svg xmlns=\"http:\/\/www.w3.org\/2000\/svg\" width=\"24\" height=\"24\" viewBox=\"0 0 24 24\" fill=\"none\"><path d=\"M6 18L18 5.99998\" stroke=\"#11B0B9\" stroke-width=\"2\" stroke-linecap=\"round\" stroke-linejoin=\"round\"><\/path><path d=\"M8.25 5.99998H18V15.75\" stroke=\"#11B0B9\" stroke-width=\"2\" stroke-linecap=\"round\" stroke-linejoin=\"round\"><\/path><\/svg>\t\t\t<\/span>\n\t\t\t\t\t\t\t\t\t<span class=\"elementor-button-text\">Receba nosso cat\u00e1logo<\/span>\n\t\t\t\t\t<\/span>\n\t\t\t\t\t<\/a>\n\t\t\t\t<\/div>\n\t\t\t\t\t\t\t\t<\/div>\n\t\t\t\t<\/div>\n\t\t\t\t<\/div>\n\t\t<div class=\"elementor-element elementor-element-9091567 e-con-full e-flex elementor-invisible e-con e-child\" data-id=\"9091567\" data-element_type=\"container\" data-settings=\"{&quot;animation&quot;:&quot;fadeInRight&quot;}\">\n\t\t\t\t<div class=\"elementor-element elementor-element-266f4d0 elementor-pagination-position-outside elementor-widget elementor-widget-image-carousel\" data-id=\"266f4d0\" data-element_type=\"widget\" data-settings=\"{&quot;slides_to_show&quot;:&quot;2&quot;,&quot;navigation&quot;:&quot;dots&quot;,&quot;slides_to_show_mobile&quot;:&quot;2&quot;,&quot;autoplay&quot;:&quot;yes&quot;,&quot;pause_on_hover&quot;:&quot;yes&quot;,&quot;pause_on_interaction&quot;:&quot;yes&quot;,&quot;autoplay_speed&quot;:5000,&quot;infinite&quot;:&quot;yes&quot;,&quot;speed&quot;:500,&quot;image_spacing_custom&quot;:{&quot;unit&quot;:&quot;px&quot;,&quot;size&quot;:20,&quot;sizes&quot;:[]},&quot;image_spacing_custom_tablet&quot;:{&quot;unit&quot;:&quot;px&quot;,&quot;size&quot;:&quot;&quot;,&quot;sizes&quot;:[]},&quot;image_spacing_custom_mobile&quot;:{&quot;unit&quot;:&quot;px&quot;,&quot;size&quot;:&quot;&quot;,&quot;sizes&quot;:[]}}\" data-widget_type=\"image-carousel.default\">\n\t\t\t\t<div class=\"elementor-widget-container\">\n\t\t\t\t\t\t\t<div class=\"elementor-image-carousel-wrapper swiper\" role=\"region\" aria-roledescription=\"carousel\" aria-label=\"Carrossel de imagens\" dir=\"ltr\">\n\t\t\t<div class=\"elementor-image-carousel swiper-wrapper swiper-image-stretch\" aria-live=\"off\">\n\t\t\t\t\t\t\t\t<div class=\"swiper-slide\" role=\"group\" aria-roledescription=\"slide\" aria-label=\"1 de 2\"><figure class=\"swiper-slide-inner\"><img decoding=\"async\" class=\"swiper-slide-image\" src=\"https:\/\/bayerlstudio.com.br\/pp\/wp-content\/uploads\/2025\/03\/60dee19f1d362310bca136475c0037b1.png\" alt=\"60dee19f1d362310bca136475c0037b1\" \/><\/figure><\/div><div class=\"swiper-slide\" role=\"group\" aria-roledescription=\"slide\" aria-label=\"2 de 2\"><figure class=\"swiper-slide-inner\"><img decoding=\"async\" class=\"swiper-slide-image\" src=\"https:\/\/bayerlstudio.com.br\/pp\/wp-content\/uploads\/2025\/03\/3392ddf5abbe85f5b89760f4f4b8205b.png\" alt=\"3392ddf5abbe85f5b89760f4f4b8205b\" \/><\/figure><\/div>\t\t\t<\/div>\n\t\t\t\t\t\t\t\n\t\t\t\t\t\t\t\t\t<div class=\"swiper-pagination\"><\/div>\n\t\t\t\t\t\t\t\t\t<\/div>\n\t\t\t\t\t\t<\/div>\n\t\t\t\t<\/div>\n\t\t\t\t<\/div>\n\t\t\t\t<\/div>\n\t\t<div class=\"elementor-element elementor-element-a224f56 e-flex e-con-boxed e-con e-parent\" data-id=\"a224f56\" data-element_type=\"container\">\n\t\t\t\t\t<div class=\"e-con-inner\">\n\t\t\t\t<div class=\"elementor-element elementor-element-8cbbd6d elementor-widget elementor-widget-heading\" data-id=\"8cbbd6d\" data-element_type=\"widget\" data-widget_type=\"heading.default\">\n\t\t\t\t<div class=\"elementor-widget-container\">\n\t\t\t\t\t<h4 class=\"elementor-heading-title elementor-size-default\">Meios de contato<\/h4>\t\t\t\t<\/div>\n\t\t\t\t<\/div>\n\t\t\t\t<div class=\"elementor-element elementor-element-159572c elementor-widget elementor-widget-heading\" data-id=\"159572c\" data-element_type=\"widget\" data-widget_type=\"heading.default\">\n\t\t\t\t<div class=\"elementor-widget-container\">\n\t\t\t\t\t<h2 class=\"elementor-heading-title elementor-size-default\">Fale conosco<\/h2>\t\t\t\t<\/div>\n\t\t\t\t<\/div>\n\t\t<div class=\"elementor-element elementor-element-f0301d5 e-con-full e-flex e-con e-child\" data-id=\"f0301d5\" data-element_type=\"container\">\n\t\t<div class=\"elementor-element elementor-element-252ce51 e-con-full e-flex elementor-invisible e-con e-child\" data-id=\"252ce51\" data-element_type=\"container\" data-settings=\"{&quot;background_background&quot;:&quot;classic&quot;,&quot;animation&quot;:&quot;fadeInLeft&quot;}\">\n\t\t\t\t<div class=\"elementor-element elementor-element-bee1489 elementor-position-left elementor-view-default elementor-mobile-position-top elementor-widget elementor-widget-icon-box\" data-id=\"bee1489\" data-element_type=\"widget\" data-widget_type=\"icon-box.default\">\n\t\t\t\t<div class=\"elementor-widget-container\">\n\t\t\t\t\t\t\t<div class=\"elementor-icon-box-wrapper\">\n\n\t\t\t\t\t\t<div class=\"elementor-icon-box-icon\">\n\t\t\t\t<a href=\"https:\/\/wa.me\/5511976152406?text=Eu%20vim%20atrav\u00e9s%20do%20site%20da%20P%26P%20Confec\u00e7\u00e3o\" target=\"_blank\" class=\"elementor-icon\" tabindex=\"-1\" aria-label=\"(11) 97615-2406\">\n\t\t\t\t<svg aria-hidden=\"true\" class=\"e-font-icon-svg e-fab-whatsapp\" viewBox=\"0 0 448 512\" xmlns=\"http:\/\/www.w3.org\/2000\/svg\"><path d=\"M380.9 97.1C339 55.1 283.2 32 223.9 32c-122.4 0-222 99.6-222 222 0 39.1 10.2 77.3 29.6 111L0 480l117.7-30.9c32.4 17.7 68.9 27 106.1 27h.1c122.3 0 224.1-99.6 224.1-222 0-59.3-25.2-115-67.1-157zm-157 341.6c-33.2 0-65.7-8.9-94-25.7l-6.7-4-69.8 18.3L72 359.2l-4.4-7c-18.5-29.4-28.2-63.3-28.2-98.2 0-101.7 82.8-184.5 184.6-184.5 49.3 0 95.6 19.2 130.4 54.1 34.8 34.9 56.2 81.2 56.1 130.5 0 101.8-84.9 184.6-186.6 184.6zm101.2-138.2c-5.5-2.8-32.8-16.2-37.9-18-5.1-1.9-8.8-2.8-12.5 2.8-3.7 5.6-14.3 18-17.6 21.8-3.2 3.7-6.5 4.2-12 1.4-32.6-16.3-54-29.1-75.5-66-5.7-9.8 5.7-9.1 16.3-30.3 1.8-3.7.9-6.9-.5-9.7-1.4-2.8-12.5-30.1-17.1-41.2-4.5-10.8-9.1-9.3-12.5-9.5-3.2-.2-6.9-.2-10.6-.2-3.7 0-9.7 1.4-14.8 6.9-5.1 5.6-19.4 19-19.4 46.3 0 27.3 19.9 53.7 22.6 57.4 2.8 3.7 39.1 59.7 94.8 83.8 35.2 15.2 49 16.5 66.6 13.9 10.7-1.6 32.8-13.4 37.4-26.4 4.6-13 4.6-24.1 3.2-26.4-1.3-2.5-5-3.9-10.5-6.6z\"><\/path><\/svg>\t\t\t\t<\/a>\n\t\t\t<\/div>\n\t\t\t\n\t\t\t\t\t\t<div class=\"elementor-icon-box-content\">\n\n\t\t\t\t\t\t\t\t\t<h3 class=\"elementor-icon-box-title\">\n\t\t\t\t\t\t<a href=\"https:\/\/wa.me\/5511976152406?text=Eu%20vim%20atrav\u00e9s%20do%20site%20da%20P%26P%20Confec\u00e7\u00e3o\" target=\"_blank\" >\n\t\t\t\t\t\t\t(11) 97615-2406\t\t\t\t\t\t<\/a>\n\t\t\t\t\t<\/h3>\n\t\t\t\t\n\t\t\t\t\n\t\t\t<\/div>\n\t\t\t\n\t\t<\/div>\n\t\t\t\t\t\t<\/div>\n\t\t\t\t<\/div>\n\t\t\t\t<div class=\"elementor-element elementor-element-2aecebb elementor-align-left elementor-mobile-align-left elementor-widget elementor-widget-button\" data-id=\"2aecebb\" data-element_type=\"widget\" data-widget_type=\"button.default\">\n\t\t\t\t<div class=\"elementor-widget-container\">\n\t\t\t\t\t\t\t\t\t<div class=\"elementor-button-wrapper\">\n\t\t\t\t\t<a class=\"elementor-button elementor-button-link elementor-size-sm\" href=\"https:\/\/wa.me\/5511976152406?text=Eu%20vim%20atrav\u00e9s%20do%20site%20da%20P%26P%20Confec\u00e7\u00e3o\" target=\"_blank\">\n\t\t\t\t\t\t<span class=\"elementor-button-content-wrapper\">\n\t\t\t\t\t\t<span class=\"elementor-button-icon\">\n\t\t\t\t<svg aria-hidden=\"true\" class=\"e-font-icon-svg e-fas-chevron-right\" viewBox=\"0 0 320 512\" xmlns=\"http:\/\/www.w3.org\/2000\/svg\"><path d=\"M285.476 272.971L91.132 467.314c-9.373 9.373-24.569 9.373-33.941 0l-22.667-22.667c-9.357-9.357-9.375-24.522-.04-33.901L188.505 256 34.484 101.255c-9.335-9.379-9.317-24.544.04-33.901l22.667-22.667c9.373-9.373 24.569-9.373 33.941 0L285.475 239.03c9.373 9.372 9.373 24.568.001 33.941z\"><\/path><\/svg>\t\t\t<\/span>\n\t\t\t\t\t\t\t\t\t<span class=\"elementor-button-text\">Enviar mensagem<\/span>\n\t\t\t\t\t<\/span>\n\t\t\t\t\t<\/a>\n\t\t\t\t<\/div>\n\t\t\t\t\t\t\t\t<\/div>\n\t\t\t\t<\/div>\n\t\t\t\t<\/div>\n\t\t<div class=\"elementor-element elementor-element-a863767 e-con-full e-flex elementor-invisible e-con e-child\" data-id=\"a863767\" data-element_type=\"container\" data-settings=\"{&quot;background_background&quot;:&quot;classic&quot;,&quot;animation&quot;:&quot;fadeInUp&quot;}\">\n\t\t\t\t<div class=\"elementor-element elementor-element-60ef9c9 elementor-position-left elementor-view-default elementor-mobile-position-top elementor-widget elementor-widget-icon-box\" data-id=\"60ef9c9\" data-element_type=\"widget\" data-widget_type=\"icon-box.default\">\n\t\t\t\t<div class=\"elementor-widget-container\">\n\t\t\t\t\t\t\t<div class=\"elementor-icon-box-wrapper\">\n\n\t\t\t\t\t\t<div class=\"elementor-icon-box-icon\">\n\t\t\t\t<a href=\"tel:+551123769848\" target=\"_blank\" class=\"elementor-icon\" tabindex=\"-1\" aria-label=\"(11) 2376-9848\">\n\t\t\t\t<svg aria-hidden=\"true\" class=\"e-font-icon-svg e-fas-phone-alt\" viewBox=\"0 0 512 512\" xmlns=\"http:\/\/www.w3.org\/2000\/svg\"><path d=\"M497.39 361.8l-112-48a24 24 0 0 0-28 6.9l-49.6 60.6A370.66 370.66 0 0 1 130.6 204.11l60.6-49.6a23.94 23.94 0 0 0 6.9-28l-48-112A24.16 24.16 0 0 0 122.6.61l-104 24A24 24 0 0 0 0 48c0 256.5 207.9 464 464 464a24 24 0 0 0 23.4-18.6l24-104a24.29 24.29 0 0 0-14.01-27.6z\"><\/path><\/svg>\t\t\t\t<\/a>\n\t\t\t<\/div>\n\t\t\t\n\t\t\t\t\t\t<div class=\"elementor-icon-box-content\">\n\n\t\t\t\t\t\t\t\t\t<h3 class=\"elementor-icon-box-title\">\n\t\t\t\t\t\t<a href=\"tel:+551123769848\" target=\"_blank\" >\n\t\t\t\t\t\t\t(11) 2376-9848\t\t\t\t\t\t<\/a>\n\t\t\t\t\t<\/h3>\n\t\t\t\t\n\t\t\t\t\n\t\t\t<\/div>\n\t\t\t\n\t\t<\/div>\n\t\t\t\t\t\t<\/div>\n\t\t\t\t<\/div>\n\t\t\t\t<div class=\"elementor-element elementor-element-fb8a638 elementor-align-left elementor-mobile-align-left elementor-widget elementor-widget-button\" data-id=\"fb8a638\" data-element_type=\"widget\" data-widget_type=\"button.default\">\n\t\t\t\t<div class=\"elementor-widget-container\">\n\t\t\t\t\t\t\t\t\t<div class=\"elementor-button-wrapper\">\n\t\t\t\t\t<a class=\"elementor-button elementor-button-link elementor-size-sm\" href=\"tel:+551123769848\" target=\"_blank\">\n\t\t\t\t\t\t<span class=\"elementor-button-content-wrapper\">\n\t\t\t\t\t\t<span class=\"elementor-button-icon\">\n\t\t\t\t<svg aria-hidden=\"true\" class=\"e-font-icon-svg e-fas-chevron-right\" viewBox=\"0 0 320 512\" xmlns=\"http:\/\/www.w3.org\/2000\/svg\"><path d=\"M285.476 272.971L91.132 467.314c-9.373 9.373-24.569 9.373-33.941 0l-22.667-22.667c-9.357-9.357-9.375-24.522-.04-33.901L188.505 256 34.484 101.255c-9.335-9.379-9.317-24.544.04-33.901l22.667-22.667c9.373-9.373 24.569-9.373 33.941 0L285.475 239.03c9.373 9.372 9.373 24.568.001 33.941z\"><\/path><\/svg>\t\t\t<\/span>\n\t\t\t\t\t\t\t\t\t<span class=\"elementor-button-text\">Ligar<\/span>\n\t\t\t\t\t<\/span>\n\t\t\t\t\t<\/a>\n\t\t\t\t<\/div>\n\t\t\t\t\t\t\t\t<\/div>\n\t\t\t\t<\/div>\n\t\t\t\t<\/div>\n\t\t<div class=\"elementor-element elementor-element-10738a0 e-con-full e-flex elementor-invisible e-con e-child\" data-id=\"10738a0\" data-element_type=\"container\" data-settings=\"{&quot;background_background&quot;:&quot;classic&quot;,&quot;animation&quot;:&quot;fadeInRight&quot;}\">\n\t\t\t\t<div class=\"elementor-element elementor-element-49a15aa elementor-position-left elementor-view-default elementor-mobile-position-top elementor-widget elementor-widget-icon-box\" data-id=\"49a15aa\" data-element_type=\"widget\" data-widget_type=\"icon-box.default\">\n\t\t\t\t<div class=\"elementor-widget-container\">\n\t\t\t\t\t\t\t<div class=\"elementor-icon-box-wrapper\">\n\n\t\t\t\t\t\t<div class=\"elementor-icon-box-icon\">\n\t\t\t\t<a href=\"mailto:contato@ppconfeccao.com.br\" target=\"_blank\" class=\"elementor-icon\" tabindex=\"-1\" aria-label=\"E-mail\">\n\t\t\t\t<svg aria-hidden=\"true\" class=\"e-font-icon-svg e-far-envelope\" viewBox=\"0 0 512 512\" xmlns=\"http:\/\/www.w3.org\/2000\/svg\"><path d=\"M464 64H48C21.49 64 0 85.49 0 112v288c0 26.51 21.49 48 48 48h416c26.51 0 48-21.49 48-48V112c0-26.51-21.49-48-48-48zm0 48v40.805c-22.422 18.259-58.168 46.651-134.587 106.49-16.841 13.247-50.201 45.072-73.413 44.701-23.208.375-56.579-31.459-73.413-44.701C106.18 199.465 70.425 171.067 48 152.805V112h416zM48 400V214.398c22.914 18.251 55.409 43.862 104.938 82.646 21.857 17.205 60.134 55.186 103.062 54.955 42.717.231 80.509-37.199 103.053-54.947 49.528-38.783 82.032-64.401 104.947-82.653V400H48z\"><\/path><\/svg>\t\t\t\t<\/a>\n\t\t\t<\/div>\n\t\t\t\n\t\t\t\t\t\t<div class=\"elementor-icon-box-content\">\n\n\t\t\t\t\t\t\t\t\t<h3 class=\"elementor-icon-box-title\">\n\t\t\t\t\t\t<a href=\"mailto:contato@ppconfeccao.com.br\" target=\"_blank\" >\n\t\t\t\t\t\t\tE-mail\t\t\t\t\t\t<\/a>\n\t\t\t\t\t<\/h3>\n\t\t\t\t\n\t\t\t\t\n\t\t\t<\/div>\n\t\t\t\n\t\t<\/div>\n\t\t\t\t\t\t<\/div>\n\t\t\t\t<\/div>\n\t\t\t\t<div class=\"elementor-element elementor-element-315e06b elementor-align-left elementor-mobile-align-left elementor-widget elementor-widget-button\" data-id=\"315e06b\" data-element_type=\"widget\" data-widget_type=\"button.default\">\n\t\t\t\t<div class=\"elementor-widget-container\">\n\t\t\t\t\t\t\t\t\t<div class=\"elementor-button-wrapper\">\n\t\t\t\t\t<a class=\"elementor-button elementor-button-link elementor-size-sm\" href=\"mailto:contato@ppconfeccao.com.br\" target=\"_blank\">\n\t\t\t\t\t\t<span class=\"elementor-button-content-wrapper\">\n\t\t\t\t\t\t<span class=\"elementor-button-icon\">\n\t\t\t\t<svg aria-hidden=\"true\" class=\"e-font-icon-svg e-fas-chevron-right\" viewBox=\"0 0 320 512\" xmlns=\"http:\/\/www.w3.org\/2000\/svg\"><path d=\"M285.476 272.971L91.132 467.314c-9.373 9.373-24.569 9.373-33.941 0l-22.667-22.667c-9.357-9.357-9.375-24.522-.04-33.901L188.505 256 34.484 101.255c-9.335-9.379-9.317-24.544.04-33.901l22.667-22.667c9.373-9.373 24.569-9.373 33.941 0L285.475 239.03c9.373 9.372 9.373 24.568.001 33.941z\"><\/path><\/svg>\t\t\t<\/span>\n\t\t\t\t\t\t\t\t\t<span class=\"elementor-button-text\">Enviar e-mail<\/span>\n\t\t\t\t\t<\/span>\n\t\t\t\t\t<\/a>\n\t\t\t\t<\/div>\n\t\t\t\t\t\t\t\t<\/div>\n\t\t\t\t<\/div>\n\t\t\t\t<\/div>\n\t\t\t\t<\/div>\n\t\t\t\t\t<\/div>\n\t\t\t\t<\/div>\n\t\t<div class=\"elementor-element elementor-element-3d2b63d e-con-full e-flex e-con e-parent\" data-id=\"3d2b63d\" data-element_type=\"container\" data-settings=\"{&quot;background_background&quot;:&quot;classic&quot;}\">\n\t\t\t\t<div class=\"elementor-element elementor-element-169af43 elementor-widget elementor-widget-heading\" data-id=\"169af43\" data-element_type=\"widget\" data-widget_type=\"heading.default\">\n\t\t\t\t<div class=\"elementor-widget-container\">\n\t\t\t\t\t<h4 class=\"elementor-heading-title elementor-size-default\">Estrutura<\/h4>\t\t\t\t<\/div>\n\t\t\t\t<\/div>\n\t\t\t\t<div class=\"elementor-element elementor-element-9a54f51 elementor-widget elementor-widget-heading\" data-id=\"9a54f51\" data-element_type=\"widget\" data-widget_type=\"heading.default\">\n\t\t\t\t<div class=\"elementor-widget-container\">\n\t\t\t\t\t<h2 class=\"elementor-heading-title elementor-size-default\">Nos visite!<\/h2>\t\t\t\t<\/div>\n\t\t\t\t<\/div>\n\t\t\t\t<\/div>\n\t\t\t\t<\/div>\n\t\t","protected":false},"excerpt":{"rendered":"<p>Cat\u00e1logo Receba nosso cat\u00e1logo Confira nossas principais solu\u00e7\u00f5es. Seja na \u00e1rea de sa\u00fade, gastronomia, constru\u00e7\u00e3o, ou qualquer outro setor, nossos uniformes s\u00e3o projetados para oferecer conforto e durabilidade.Temos uma equipe dispon\u00edvel para falar com voc\u00ea. Receba nosso cat\u00e1logo Meios de contato Fale conosco (11) 97615-2406 Enviar mensagem (11) 2376-9848 Ligar E-mail Enviar e-mail Estrutura Nos [&hellip;]<\/p>\n","protected":false},"author":1,"featured_media":0,"parent":0,"menu_order":0,"comment_status":"closed","ping_status":"closed","template":"elementor_header_footer","meta":{"footnotes":""},"class_list":["post-234","page","type-page","status-publish","hentry"],"yoast_head":"<!-- This site is optimized with the Yoast SEO Premium plugin v22.1 (Yoast SEO v24.6) - https:\/\/yoast.com\/wordpress\/plugins\/seo\/ -->\n<title>Contato - P&amp;P Com\u00e9rcio e Confec\u00e7\u00e3o de Uniforme<\/title>\n<meta name=\"robots\" content=\"index, follow, max-snippet:-1, max-image-preview:large, max-video-preview:-1\" \/>\n<link rel=\"canonical\" href=\"https:\/\/bayerlstudio.com.br\/pp\/contato\/\" \/>\n<meta property=\"og:locale\" content=\"pt_BR\" \/>\n<meta property=\"og:type\" content=\"article\" \/>\n<meta property=\"og:title\" content=\"Contato\" \/>\n<meta property=\"og:description\" content=\"Cat\u00e1logo Receba nosso cat\u00e1logo Confira nossas principais solu\u00e7\u00f5es. Seja na \u00e1rea de sa\u00fade, gastronomia, constru\u00e7\u00e3o, ou qualquer outro setor, nossos uniformes s\u00e3o projetados para oferecer conforto e durabilidade.Temos uma equipe dispon\u00edvel para falar com voc\u00ea. Receba nosso cat\u00e1logo Meios de contato Fale conosco (11) 97615-2406 Enviar mensagem (11) 2376-9848 Ligar E-mail Enviar e-mail Estrutura Nos [&hellip;]\" \/>\n<meta property=\"og:url\" content=\"https:\/\/bayerlstudio.com.br\/pp\/contato\/\" \/>\n<meta property=\"og:site_name\" content=\"P&amp;P Com\u00e9rcio e Confec\u00e7\u00e3o de Uniforme\" \/>\n<meta property=\"article:modified_time\" content=\"2025-03-17T17:36:46+00:00\" \/>\n<meta property=\"og:image\" content=\"https:\/\/bayerlstudio.com.br\/pp\/wp-content\/uploads\/2025\/03\/60dee19f1d362310bca136475c0037b1.png\" \/>\n<meta name=\"twitter:card\" content=\"summary_large_image\" \/>\n<meta name=\"twitter:label1\" content=\"Est. tempo de leitura\" \/>\n\t<meta name=\"twitter:data1\" content=\"1 minuto\" \/>\n<script type=\"application\/ld+json\" class=\"yoast-schema-graph\">{\"@context\":\"https:\/\/schema.org\",\"@graph\":[{\"@type\":\"WebPage\",\"@id\":\"https:\/\/bayerlstudio.com.br\/pp\/contato\/\",\"url\":\"https:\/\/bayerlstudio.com.br\/pp\/contato\/\",\"name\":\"Contato - P&amp;P Com\u00e9rcio e Confec\u00e7\u00e3o de Uniforme\",\"isPartOf\":{\"@id\":\"https:\/\/bayerlstudio.com.br\/pp\/#website\"},\"primaryImageOfPage\":{\"@id\":\"https:\/\/bayerlstudio.com.br\/pp\/contato\/#primaryimage\"},\"image\":{\"@id\":\"https:\/\/bayerlstudio.com.br\/pp\/contato\/#primaryimage\"},\"thumbnailUrl\":\"https:\/\/bayerlstudio.com.br\/pp\/wp-content\/uploads\/2025\/03\/60dee19f1d362310bca136475c0037b1.png\",\"datePublished\":\"2025-03-10T23:33:11+00:00\",\"dateModified\":\"2025-03-17T17:36:46+00:00\",\"breadcrumb\":{\"@id\":\"https:\/\/bayerlstudio.com.br\/pp\/contato\/#breadcrumb\"},\"inLanguage\":\"pt-BR\",\"potentialAction\":[{\"@type\":\"ReadAction\",\"target\":[\"https:\/\/bayerlstudio.com.br\/pp\/contato\/\"]}]},{\"@type\":\"ImageObject\",\"inLanguage\":\"pt-BR\",\"@id\":\"https:\/\/bayerlstudio.com.br\/pp\/contato\/#primaryimage\",\"url\":\"https:\/\/bayerlstudio.com.br\/pp\/wp-content\/uploads\/2025\/03\/60dee19f1d362310bca136475c0037b1.png\",\"contentUrl\":\"https:\/\/bayerlstudio.com.br\/pp\/wp-content\/uploads\/2025\/03\/60dee19f1d362310bca136475c0037b1.png\",\"width\":1080,\"height\":1080},{\"@type\":\"BreadcrumbList\",\"@id\":\"https:\/\/bayerlstudio.com.br\/pp\/contato\/#breadcrumb\",\"itemListElement\":[{\"@type\":\"ListItem\",\"position\":1,\"name\":\"Home\",\"item\":\"https:\/\/bayerlstudio.com.br\/pp\/\"},{\"@type\":\"ListItem\",\"position\":2,\"name\":\"Contato\"}]},{\"@type\":\"WebSite\",\"@id\":\"https:\/\/bayerlstudio.com.br\/pp\/#website\",\"url\":\"https:\/\/bayerlstudio.com.br\/pp\/\",\"name\":\"P&amp;P Com\u00e9rcio e Confec\u00e7\u00e3o de Uniforme\",\"description\":\"\",\"potentialAction\":[{\"@type\":\"SearchAction\",\"target\":{\"@type\":\"EntryPoint\",\"urlTemplate\":\"https:\/\/bayerlstudio.com.br\/pp\/?s={search_term_string}\"},\"query-input\":{\"@type\":\"PropertyValueSpecification\",\"valueRequired\":true,\"valueName\":\"search_term_string\"}}],\"inLanguage\":\"pt-BR\"}]}<\/script>\n<!-- \/ Yoast SEO Premium plugin. -->","yoast_head_json":{"title":"Contato - P&amp;P Com\u00e9rcio e Confec\u00e7\u00e3o de Uniforme","robots":{"index":"index","follow":"follow","max-snippet":"max-snippet:-1","max-image-preview":"max-image-preview:large","max-video-preview":"max-video-preview:-1"},"canonical":"https:\/\/bayerlstudio.com.br\/pp\/contato\/","og_locale":"pt_BR","og_type":"article","og_title":"Contato","og_description":"Cat\u00e1logo Receba nosso cat\u00e1logo Confira nossas principais solu\u00e7\u00f5es. Seja na \u00e1rea de sa\u00fade, gastronomia, constru\u00e7\u00e3o, ou qualquer outro setor, nossos uniformes s\u00e3o projetados para oferecer conforto e durabilidade.Temos uma equipe dispon\u00edvel para falar com voc\u00ea. Receba nosso cat\u00e1logo Meios de contato Fale conosco (11) 97615-2406 Enviar mensagem (11) 2376-9848 Ligar E-mail Enviar e-mail Estrutura Nos [&hellip;]","og_url":"https:\/\/bayerlstudio.com.br\/pp\/contato\/","og_site_name":"P&amp;P Com\u00e9rcio e Confec\u00e7\u00e3o de Uniforme","article_modified_time":"2025-03-17T17:36:46+00:00","og_image":[{"url":"https:\/\/bayerlstudio.com.br\/pp\/wp-content\/uploads\/2025\/03\/60dee19f1d362310bca136475c0037b1.png","type":"","width":"","height":""}],"twitter_card":"summary_large_image","twitter_misc":{"Est. tempo de leitura":"1 minuto"},"schema":{"@context":"https:\/\/schema.org","@graph":[{"@type":"WebPage","@id":"https:\/\/bayerlstudio.com.br\/pp\/contato\/","url":"https:\/\/bayerlstudio.com.br\/pp\/contato\/","name":"Contato - P&amp;P Com\u00e9rcio e Confec\u00e7\u00e3o de Uniforme","isPartOf":{"@id":"https:\/\/bayerlstudio.com.br\/pp\/#website"},"primaryImageOfPage":{"@id":"https:\/\/bayerlstudio.com.br\/pp\/contato\/#primaryimage"},"image":{"@id":"https:\/\/bayerlstudio.com.br\/pp\/contato\/#primaryimage"},"thumbnailUrl":"https:\/\/bayerlstudio.com.br\/pp\/wp-content\/uploads\/2025\/03\/60dee19f1d362310bca136475c0037b1.png","datePublished":"2025-03-10T23:33:11+00:00","dateModified":"2025-03-17T17:36:46+00:00","breadcrumb":{"@id":"https:\/\/bayerlstudio.com.br\/pp\/contato\/#breadcrumb"},"inLanguage":"pt-BR","potentialAction":[{"@type":"ReadAction","target":["https:\/\/bayerlstudio.com.br\/pp\/contato\/"]}]},{"@type":"ImageObject","inLanguage":"pt-BR","@id":"https:\/\/bayerlstudio.com.br\/pp\/contato\/#primaryimage","url":"https:\/\/bayerlstudio.com.br\/pp\/wp-content\/uploads\/2025\/03\/60dee19f1d362310bca136475c0037b1.png","contentUrl":"https:\/\/bayerlstudio.com.br\/pp\/wp-content\/uploads\/2025\/03\/60dee19f1d362310bca136475c0037b1.png","width":1080,"height":1080},{"@type":"BreadcrumbList","@id":"https:\/\/bayerlstudio.com.br\/pp\/contato\/#breadcrumb","itemListElement":[{"@type":"ListItem","position":1,"name":"Home","item":"https:\/\/bayerlstudio.com.br\/pp\/"},{"@type":"ListItem","position":2,"name":"Contato"}]},{"@type":"WebSite","@id":"https:\/\/bayerlstudio.com.br\/pp\/#website","url":"https:\/\/bayerlstudio.com.br\/pp\/","name":"P&amp;P Com\u00e9rcio e Confec\u00e7\u00e3o de Uniforme","description":"","potentialAction":[{"@type":"SearchAction","target":{"@type":"EntryPoint","urlTemplate":"https:\/\/bayerlstudio.com.br\/pp\/?s={search_term_string}"},"query-input":{"@type":"PropertyValueSpecification","valueRequired":true,"valueName":"search_term_string"}}],"inLanguage":"pt-BR"}]}},"_links":{"self":[{"href":"https:\/\/bayerlstudio.com.br\/pp\/wp-json\/wp\/v2\/pages\/234","targetHints":{"allow":["GET"]}}],"collection":[{"href":"https:\/\/bayerlstudio.com.br\/pp\/wp-json\/wp\/v2\/pages"}],"about":[{"href":"https:\/\/bayerlstudio.com.br\/pp\/wp-json\/wp\/v2\/types\/page"}],"author":[{"embeddable":true,"href":"https:\/\/bayerlstudio.com.br\/pp\/wp-json\/wp\/v2\/users\/1"}],"replies":[{"embeddable":true,"href":"https:\/\/bayerlstudio.com.br\/pp\/wp-json\/wp\/v2\/comments?post=234"}],"version-history":[{"count":34,"href":"https:\/\/bayerlstudio.com.br\/pp\/wp-json\/wp\/v2\/pages\/234\/revisions"}],"predecessor-version":[{"id":761,"href":"https:\/\/bayerlstudio.com.br\/pp\/wp-json\/wp\/v2\/pages\/234\/revisions\/761"}],"wp:attachment":[{"href":"https:\/\/bayerlstudio.com.br\/pp\/wp-json\/wp\/v2\/media?parent=234"}],"curies":[{"name":"wp","href":"https:\/\/api.w.org\/{rel}","templated":true}]}}